{"id":7085,"date":"2025-01-07T02:36:33","date_gmt":"2025-01-07T00:36:33","guid":{"rendered":"https:\/\/imagocertificationandtraining.com\/stufe-4\/"},"modified":"2025-07-24T11:42:35","modified_gmt":"2025-07-24T09:42:35","slug":"stufe-4","status":"publish","type":"page","link":"https:\/\/imagocertificationandtraining.com\/de\/stufe-4\/","title":{"rendered":"STUFE 4"},"content":{"rendered":"\t\t<div data-elementor-type=\"wp-page\" data-elementor-id=\"7085\" class=\"elementor elementor-7085 elementor-1414\" data-elementor-post-type=\"page\">\n\t\t\t\t<div class=\"elementor-element elementor-element-ba53255 e-con-full e-flex e-con e-parent\" data-id=\"ba53255\" data-element_type=\"container\" data-e-type=\"container\" data-settings=\"{&quot;background_background&quot;:&quot;classic&quot;,&quot;shape_divider_bottom&quot;:&quot;wave-brush&quot;,&quot;jet_parallax_layout_list&quot;:[]}\">\n\t\t\t\t<div class=\"elementor-shape elementor-shape-bottom\" aria-hidden=\"true\" data-negative=\"false\">\n\t\t\t<svg xmlns=\"http:\/\/www.w3.org\/2000\/svg\" viewBox=\"0 0 283.5 27.8\" preserveAspectRatio=\"none\">\n\t<path class=\"elementor-shape-fill\" d=\"M283.5,9.7c0,0-7.3,4.3-14,4.6c-6.8,0.3-12.6,0-20.9-1.5c-11.3-2-33.1-10.1-44.7-5.7\ts-12.1,4.6-18,7.4c-6.6,3.2-20,9.6-36.6,9.3C131.6,23.5,99.5,7.2,86.3,8c-1.4,0.1-6.6,0.8-10.5,2c-3.8,1.2-9.4,3.8-17,4.7\tc-3.2,0.4-8.3,1.1-14.2,0.9c-1.5-0.1-6.3-0.4-12-1.6c-5.7-1.2-11-3.1-15.8-3.7C6.5,9.2,0,10.8,0,10.8V0h283.5V9.7z M260.8,11.3\tc-0.7-1-2-0.4-4.3-0.4c-2.3,0-6.1-1.2-5.8-1.1c0.3,0.1,3.1,1.5,6,1.9C259.7,12.2,261.4,12.3,260.8,11.3z M242.4,8.6\tc0,0-2.4-0.2-5.6-0.9c-3.2-0.8-10.3-2.8-15.1-3.5c-8.2-1.1-15.8,0-15.1,0.1c0.8,0.1,9.6-0.6,17.6,1.1c3.3,0.7,9.3,2.2,12.4,2.7\tC239.9,8.7,242.4,8.6,242.4,8.6z M185.2,8.5c1.7-0.7-13.3,4.7-18.5,6.1c-2.1,0.6-6.2,1.6-10,2c-3.9,0.4-8.9,0.4-8.8,0.5\tc0,0.2,5.8,0.8,11.2,0c5.4-0.8,5.2-1.1,7.6-1.6C170.5,14.7,183.5,9.2,185.2,8.5z M199.1,6.9c0.2,0-0.8-0.4-4.8,1.1\tc-4,1.5-6.7,3.5-6.9,3.7c-0.2,0.1,3.5-1.8,6.6-3C197,7.5,199,6.9,199.1,6.9z M283,6c-0.1,0.1-1.9,1.1-4.8,2.5s-6.9,2.8-6.7,2.7\tc0.2,0,3.5-0.6,7.4-2.5C282.8,6.8,283.1,5.9,283,6z M31.3,11.6c0.1-0.2-1.9-0.2-4.5-1.2s-5.4-1.6-7.8-2C15,7.6,7.3,8.5,7.7,8.6\tC8,8.7,15.9,8.3,20.2,9.3c2.2,0.5,2.4,0.5,5.7,1.6S31.2,11.9,31.3,11.6z M73,9.2c0.4-0.1,3.5-1.6,8.4-2.6c4.9-1.1,8.9-0.5,8.9-0.8\tc0-0.3-1-0.9-6.2-0.3S72.6,9.3,73,9.2z M71.6,6.7C71.8,6.8,75,5.4,77.3,5c2.3-0.3,1.9-0.5,1.9-0.6c0-0.1-1.1-0.2-2.7,0.2\tC74.8,5.1,71.4,6.6,71.6,6.7z M93.6,4.4c0.1,0.2,3.5,0.8,5.6,1.8c2.1,1,1.8,0.6,1.9,0.5c0.1-0.1-0.8-0.8-2.4-1.3\tC97.1,4.8,93.5,4.2,93.6,4.4z M65.4,11.1c-0.1,0.3,0.3,0.5,1.9-0.2s2.6-1.3,2.2-1.2s-0.9,0.4-2.5,0.8C65.3,10.9,65.5,10.8,65.4,11.1\tz M34.5,12.4c-0.2,0,2.1,0.8,3.3,0.9c1.2,0.1,2,0.1,2-0.2c0-0.3-0.1-0.5-1.6-0.4C36.6,12.8,34.7,12.4,34.5,12.4z M152.2,21.1\tc-0.1,0.1-2.4-0.3-7.5-0.3c-5,0-13.6-2.4-17.2-3.5c-3.6-1.1,10,3.9,16.5,4.1C150.5,21.6,152.3,21,152.2,21.1z\"\/>\n\t<path class=\"elementor-shape-fill\" d=\"M269.6,18c-0.1-0.1-4.6,0.3-7.2,0c-7.3-0.7-17-3.2-16.6-2.9c0.4,0.3,13.7,3.1,17,3.3\tC267.7,18.8,269.7,18,269.6,18z\"\/>\n\t<path class=\"elementor-shape-fill\" d=\"M227.4,9.8c-0.2-0.1-4.5-1-9.5-1.2c-5-0.2-12.7,0.6-12.3,0.5c0.3-0.1,5.9-1.8,13.3-1.2\tS227.6,9.9,227.4,9.8z\"\/>\n\t<path class=\"elementor-shape-fill\" d=\"M204.5,13.4c-0.1-0.1,2-1,3.2-1.1c1.2-0.1,2,0,2,0.3c0,0.3-0.1,0.5-1.6,0.4\tC206.4,12.9,204.6,13.5,204.5,13.4z\"\/>\n\t<path class=\"elementor-shape-fill\" d=\"M201,10.6c0-0.1-4.4,1.2-6.3,2.2c-1.9,0.9-6.2,3.1-6.1,3.1c0.1,0.1,4.2-1.6,6.3-2.6\tS201,10.7,201,10.6z\"\/>\n\t<path class=\"elementor-shape-fill\" d=\"M154.5,26.7c-0.1-0.1-4.6,0.3-7.2,0c-7.3-0.7-17-3.2-16.6-2.9c0.4,0.3,13.7,3.1,17,3.3\tC152.6,27.5,154.6,26.8,154.5,26.7z\"\/>\n\t<path class=\"elementor-shape-fill\" d=\"M41.9,19.3c0,0,1.2-0.3,2.9-0.1c1.7,0.2,5.8,0.9,8.2,0.7c4.2-0.4,7.4-2.7,7-2.6\tc-0.4,0-4.3,2.2-8.6,1.9c-1.8-0.1-5.1-0.5-6.7-0.4S41.9,19.3,41.9,19.3z\"\/>\n\t<path class=\"elementor-shape-fill\" d=\"M75.5,12.6c0.2,0.1,2-0.8,4.3-1.1c2.3-0.2,2.1-0.3,2.1-0.5c0-0.1-1.8-0.4-3.4,0\tC76.9,11.5,75.3,12.5,75.5,12.6z\"\/>\n\t<path class=\"elementor-shape-fill\" d=\"M15.6,13.2c0-0.1,4.3,0,6.7,0.5c2.4,0.5,5,1.9,5,2c0,0.1-2.7-0.8-5.1-1.4\tC19.9,13.7,15.7,13.3,15.6,13.2z\"\/>\n<\/svg>\t\t<\/div>\n\t\t\t\t<div class=\"elementor-element elementor-element-ce48002 elementor-widget elementor-widget-heading\" data-id=\"ce48002\" data-element_type=\"widget\" data-e-type=\"widget\" data-widget_type=\"heading.default\">\n\t\t\t\t<div class=\"elementor-widget-container\">\n\t\t\t\t\t<h2 class=\"elementor-heading-title elementor-size-default\">STUFE 4<\/h2>\t\t\t\t<\/div>\n\t\t\t\t<\/div>\n\t\t\t\t<div class=\"elementor-element elementor-element-06c4e0c elementor-widget elementor-widget-text-editor\" data-id=\"06c4e0c\" data-element_type=\"widget\" data-e-type=\"widget\" data-widget_type=\"text-editor.default\">\n\t\t\t\t<div class=\"elementor-widget-container\">\n\t\t\t\t\t\t\t\t\t<p><b>Professionelle Entwicklung f\u00fcr fortgeschrittene Kliniker<\/b><\/p>\t\t\t\t\t\t\t\t<\/div>\n\t\t\t\t<\/div>\n\t\t\t\t<\/div>\n\t\t<div class=\"elementor-element elementor-element-2362787 e-con-full e-flex e-con e-parent\" data-id=\"2362787\" data-element_type=\"container\" data-e-type=\"container\" data-settings=\"{&quot;jet_parallax_layout_list&quot;:[]}\">\n\t\t\t\t<div class=\"elementor-element elementor-element-da1e2da elementor-widget elementor-widget-menu-anchor\" data-id=\"da1e2da\" data-element_type=\"widget\" data-e-type=\"widget\" data-widget_type=\"menu-anchor.default\">\n\t\t\t\t<div class=\"elementor-widget-container\">\n\t\t\t\t\t\t\t<div class=\"elementor-menu-anchor\" id=\"req\"><\/div>\n\t\t\t\t\t\t<\/div>\n\t\t\t\t<\/div>\n\t\t\t\t<div class=\"elementor-element elementor-element-454c756 elementor-widget elementor-widget-text-editor\" data-id=\"454c756\" data-element_type=\"widget\" data-e-type=\"widget\" data-widget_type=\"text-editor.default\">\n\t\t\t\t<div class=\"elementor-widget-container\">\n\t\t\t\t\t\t\t\t\t<p style=\"font-variant-ligatures: normal; font-variant-caps: normal; font-family: Montserrat, sans-serif; font-size: 14px; font-style: normal; font-weight: 400; color: #1a2571;\"><span style=\"font-family: Montserrat, sans-serif; font-size: 14px; font-style: normal; font-variant-ligatures: normal; font-variant-caps: normal; font-weight: bold;\">STUFE VIER ZERTIFIZIERUNG: IMAGO F\u00dcHRUNGSENTWICKLUNG<\/span><span style=\"font-size: 14px; font-weight: bold;\">&#8212;&#8212;&#8212;&#8212;&#8212;&#8212;&#8212;&#8212;&#8212;&#8212;&#8212;&#8212;&#8212;&#8212;&#8212;&#8212;&#8212;&#8212;&#8212;&#8212;&#8212;&#8212;&#8212;&#8212;&#8212;&#8212;&#8212;&#8212;&#8212;&#8212;&#8212;&#8212;&#8212;&#8212;&#8212;&#8212;&#8212;&#8212;<\/span><\/p><p style=\"font-variant-ligatures: normal; font-variant-caps: normal; font-family: Montserrat, sans-serif; font-size: 14px; font-style: normal; font-weight: 400; color: #1a2571;\">Imago-Professionals, die auf Stufe vier zertifiziert sind, verk\u00f6rpern die F\u00fchrungsqualit\u00e4ten, um Imago \u00fcber den Therapieraum hinaus zu lehren und andere Imago-Professionals zu entwickeln und auszubilden.  <span style=\"font-family: Montserrat, sans-serif; font-size: 14px; font-style: normal; font-variant-ligatures: normal; font-variant-caps: normal; font-weight: bold;\">KLICKEN SIE AUF DIE K\u00c4STCHEN UNTEN F\u00dcR DETAILS ZU DEN ANFORDERUNGEN<\/span><\/p>\t\t\t\t\t\t\t\t<\/div>\n\t\t\t\t<\/div>\n\t\t\t\t<div class=\"elementor-element elementor-element-c24bdfe elementor-widget elementor-widget-text-editor\" data-id=\"c24bdfe\" data-element_type=\"widget\" data-e-type=\"widget\" data-widget_type=\"text-editor.default\">\n\t\t\t\t<div class=\"elementor-widget-container\">\n\t\t\t\t\t\t\t\t\t<p><strong>Zertifizierter Workshop-Moderator<\/strong> &#8212;&#8212;&#8212;&#8212;&#8212;&#8212;&#8212;&#8212;&#8211;<\/p><p>Workshop-Moderatorentraining f\u00fcr den Beziehungs-Workshop: Die Liebe bekommen, die Sie wollen. Dieser Kurs vermittelt fortgeschrittenen Klinikern das Wissen und die F\u00e4higkeiten, um den Workshop Getting the Love You Want zu pr\u00e4sentieren. Dieser Kurs ist der Arbeit am pers\u00f6nlichen Wachstum gewidmet, um den Teilnehmern zu helfen, ihre Blockaden und Begrenzungen zu \u00fcberwinden, um die pr\u00e4sentesten und verbundensten Moderatoren zu werden. Es geht darum, die Theorie zu vermitteln, mit pers\u00f6nlichen Geschichten zu illustrieren, brillante Demonstrationen durchzuf\u00fchren und mit den vielen Herausforderungen umzugehen, die es mit sich bringt, ein erstklassiger Imago-Workshop-Moderator zu sein. Absolvieren Sie alle dreizehn Schulungstage, erhalten Sie Feedback zu zwei Workshops, die w\u00e4hrend der Schulung gegeben wurden, und assistieren Sie bei drei Getting the Love You Want Workshops. Der Kurs Charakterologisches Wachstum ist eine notwendige Voraussetzung.      Optional: Zus\u00e4tzliche 2 Tage f\u00fcr den Workshop Keeping the Love You Find plus die Teilnahme an einem Keeping the Love You Find Workshop.<\/p><p><strong>Zertifizierter Imago-Supervisor &#8212;&#8212;&#8212;&#8212;&#8212;&#8212;&#8212;&#8212;&#8211;<\/strong><\/p><p>Der Imago-Supervisor verk\u00f6rpert die Imago-Theorie, wenn er Berufskollegen, in der Selbstsupervision und denjenigen, die bei ihm Supervision suchen, Feedback gibt. Der erste Teil behandelt die verschiedenen Aspekte der Supervision aus der Sicht des Beziehungsparadigmas, wobei die Konzepte der Imago-Theorie, wie z.B. die verlorenen Anteile als Wachstumskanten und die Arbeit mit den eigenen verlorenen Anteilen in diesem Prozess, zusammengef\u00fchrt werden. Teil zwei bietet Supervision f\u00fcr Supervisoren, um ihre F\u00e4higkeiten zu entwickeln, anderen sowohl in Gruppen als auch in Einzelberatungen Feedback zu geben.  <\/p>\t\t\t\t\t\t\t\t<\/div>\n\t\t\t\t<\/div>\n\t\t\t\t<\/div>\n\t\t\t\t<\/div>\n\t\t","protected":false},"excerpt":{"rendered":"<p>STUFE 4 Professionelle Entwicklung f\u00fcr fortgeschrittene Kliniker STUFE VIER ZERTIFIZIERUNG: IMAGO F\u00dcHRUNGSENTWICKLUNG&#8212;&#8212;&#8212;&#8212;&#8212;&#8212;&#8212;&#8212;&#8212;&#8212;&#8212;&#8212;&#8212;&#8212;&#8212;&#8212;&#8212;&#8212;&#8212;&#8212;&#8212;&#8212;&#8212;&#8212;&#8212;&#8212;&#8212;&#8212;&#8212;&#8212;&#8212;&#8212;&#8212;&#8212;&#8212;&#8212;&#8212;&#8212; Imago-Professionals, die auf Stufe vier zertifiziert sind, verk\u00f6rpern die F\u00fchrungsqualit\u00e4ten, um Imago \u00fcber den Therapieraum hinaus zu lehren und andere Imago-Professionals zu entwickeln und auszubilden. KLICKEN SIE AUF DIE K\u00c4STCHEN UNTEN F\u00dcR DETAILS ZU DEN ANFORDERUNGEN Zertifizierter Workshop-Moderator &#8212;&#8212;&#8212;&#8212;&#8212;&#8212;&#8212;&#8212;&#8211; Workshop-Moderatorentraining f\u00fcr den Beziehungs-Workshop: [&hellip;]<\/p>\n","protected":false},"author":1,"featured_media":0,"parent":0,"menu_order":0,"comment_status":"closed","ping_status":"closed","template":"elementor_header_footer","meta":{"footnotes":""},"class_list":["post-7085","page","type-page","status-publish","hentry"],"yoast_head":"<!-- This site is optimized with the Yoast SEO plugin v26.9 - https:\/\/yoast.com\/product\/yoast-seo-wordpress\/ -->\n<title>STUFE 4 - Imago International Training Institute<\/title>\n<meta name=\"robots\" content=\"index, follow, max-snippet:-1, max-image-preview:large, max-video-preview:-1\" \/>\n<link rel=\"canonical\" href=\"https:\/\/imagocertificationandtraining.com\/de\/stufe-4\/\" \/>\n<meta property=\"og:locale\" content=\"de_DE\" \/>\n<meta property=\"og:type\" content=\"article\" \/>\n<meta property=\"og:title\" content=\"STUFE 4 - Imago International Training Institute\" \/>\n<meta property=\"og:description\" content=\"STUFE 4 Professionelle Entwicklung f\u00fcr fortgeschrittene Kliniker STUFE VIER ZERTIFIZIERUNG: IMAGO F\u00dcHRUNGSENTWICKLUNG&#8212;&#8212;&#8212;&#8212;&#8212;&#8212;&#8212;&#8212;&#8212;&#8212;&#8212;&#8212;&#8212;&#8212;&#8212;&#8212;&#8212;&#8212;&#8212;&#8212;&#8212;&#8212;&#8212;&#8212;&#8212;&#8212;&#8212;&#8212;&#8212;&#8212;&#8212;&#8212;&#8212;&#8212;&#8212;&#8212;&#8212;&#8212; Imago-Professionals, die auf Stufe vier zertifiziert sind, verk\u00f6rpern die F\u00fchrungsqualit\u00e4ten, um Imago \u00fcber den Therapieraum hinaus zu lehren und andere Imago-Professionals zu entwickeln und auszubilden. KLICKEN SIE AUF DIE K\u00c4STCHEN UNTEN F\u00dcR DETAILS ZU DEN ANFORDERUNGEN Zertifizierter Workshop-Moderator &#8212;&#8212;&#8212;&#8212;&#8212;&#8212;&#8212;&#8212;&#8211; Workshop-Moderatorentraining f\u00fcr den Beziehungs-Workshop: [&hellip;]\" \/>\n<meta property=\"og:url\" content=\"https:\/\/imagocertificationandtraining.com\/de\/stufe-4\/\" \/>\n<meta property=\"og:site_name\" content=\"Imago International Training Institute\" \/>\n<meta property=\"article:modified_time\" content=\"2025-07-24T09:42:35+00:00\" \/>\n<meta name=\"twitter:card\" content=\"summary_large_image\" \/>\n<meta name=\"twitter:label1\" content=\"Gesch\u00e4tzte Lesezeit\" \/>\n\t<meta name=\"twitter:data1\" content=\"1\u00a0Minute\" \/>\n<script type=\"application\/ld+json\" class=\"yoast-schema-graph\">{\"@context\":\"https:\/\/schema.org\",\"@graph\":[{\"@type\":\"WebPage\",\"@id\":\"https:\/\/imagocertificationandtraining.com\/de\/stufe-4\/\",\"url\":\"https:\/\/imagocertificationandtraining.com\/de\/stufe-4\/\",\"name\":\"STUFE 4 - Imago International Training Institute\",\"isPartOf\":{\"@id\":\"https:\/\/imagocertificationandtraining.com\/de\/#website\"},\"datePublished\":\"2025-01-07T00:36:33+00:00\",\"dateModified\":\"2025-07-24T09:42:35+00:00\",\"breadcrumb\":{\"@id\":\"https:\/\/imagocertificationandtraining.com\/de\/stufe-4\/#breadcrumb\"},\"inLanguage\":\"de\",\"potentialAction\":[{\"@type\":\"ReadAction\",\"target\":[\"https:\/\/imagocertificationandtraining.com\/de\/stufe-4\/\"]}]},{\"@type\":\"BreadcrumbList\",\"@id\":\"https:\/\/imagocertificationandtraining.com\/de\/stufe-4\/#breadcrumb\",\"itemListElement\":[{\"@type\":\"ListItem\",\"position\":1,\"name\":\"Home\",\"item\":\"https:\/\/imagocertificationandtraining.com\/de\/\"},{\"@type\":\"ListItem\",\"position\":2,\"name\":\"STUFE 4\"}]},{\"@type\":\"WebSite\",\"@id\":\"https:\/\/imagocertificationandtraining.com\/de\/#website\",\"url\":\"https:\/\/imagocertificationandtraining.com\/de\/\",\"name\":\"Imago International Training Institute\",\"description\":\"Delivering world class training on relational competency for individuals, couples, and organizations.\",\"publisher\":{\"@id\":\"https:\/\/imagocertificationandtraining.com\/de\/#organization\"},\"potentialAction\":[{\"@type\":\"SearchAction\",\"target\":{\"@type\":\"EntryPoint\",\"urlTemplate\":\"https:\/\/imagocertificationandtraining.com\/de\/?s={search_term_string}\"},\"query-input\":{\"@type\":\"PropertyValueSpecification\",\"valueRequired\":true,\"valueName\":\"search_term_string\"}}],\"inLanguage\":\"de\"},{\"@type\":\"Organization\",\"@id\":\"https:\/\/imagocertificationandtraining.com\/de\/#organization\",\"name\":\"Imago International Training Institute\",\"url\":\"https:\/\/imagocertificationandtraining.com\/de\/\",\"logo\":{\"@type\":\"ImageObject\",\"inLanguage\":\"de\",\"@id\":\"https:\/\/imagocertificationandtraining.com\/de\/#\/schema\/logo\/image\/\",\"url\":\"https:\/\/imagocertificationandtraining.com\/app\/uploads\/2024\/12\/imago-international-training-institute-logo-2-e1733853510222.webp\",\"contentUrl\":\"https:\/\/imagocertificationandtraining.com\/app\/uploads\/2024\/12\/imago-international-training-institute-logo-2-e1733853510222.webp\",\"width\":150,\"height\":35,\"caption\":\"Imago International Training Institute\"},\"image\":{\"@id\":\"https:\/\/imagocertificationandtraining.com\/de\/#\/schema\/logo\/image\/\"}}]}<\/script>\n<!-- \/ Yoast SEO plugin. -->","yoast_head_json":{"title":"STUFE 4 - Imago International Training Institute","robots":{"index":"index","follow":"follow","max-snippet":"max-snippet:-1","max-image-preview":"max-image-preview:large","max-video-preview":"max-video-preview:-1"},"canonical":"https:\/\/imagocertificationandtraining.com\/de\/stufe-4\/","og_locale":"de_DE","og_type":"article","og_title":"STUFE 4 - Imago International Training Institute","og_description":"STUFE 4 Professionelle Entwicklung f\u00fcr fortgeschrittene Kliniker STUFE VIER ZERTIFIZIERUNG: IMAGO F\u00dcHRUNGSENTWICKLUNG&#8212;&#8212;&#8212;&#8212;&#8212;&#8212;&#8212;&#8212;&#8212;&#8212;&#8212;&#8212;&#8212;&#8212;&#8212;&#8212;&#8212;&#8212;&#8212;&#8212;&#8212;&#8212;&#8212;&#8212;&#8212;&#8212;&#8212;&#8212;&#8212;&#8212;&#8212;&#8212;&#8212;&#8212;&#8212;&#8212;&#8212;&#8212; Imago-Professionals, die auf Stufe vier zertifiziert sind, verk\u00f6rpern die F\u00fchrungsqualit\u00e4ten, um Imago \u00fcber den Therapieraum hinaus zu lehren und andere Imago-Professionals zu entwickeln und auszubilden. KLICKEN SIE AUF DIE K\u00c4STCHEN UNTEN F\u00dcR DETAILS ZU DEN ANFORDERUNGEN Zertifizierter Workshop-Moderator &#8212;&#8212;&#8212;&#8212;&#8212;&#8212;&#8212;&#8212;&#8211; Workshop-Moderatorentraining f\u00fcr den Beziehungs-Workshop: [&hellip;]","og_url":"https:\/\/imagocertificationandtraining.com\/de\/stufe-4\/","og_site_name":"Imago International Training Institute","article_modified_time":"2025-07-24T09:42:35+00:00","twitter_card":"summary_large_image","twitter_misc":{"Gesch\u00e4tzte Lesezeit":"1\u00a0Minute"},"schema":{"@context":"https:\/\/schema.org","@graph":[{"@type":"WebPage","@id":"https:\/\/imagocertificationandtraining.com\/de\/stufe-4\/","url":"https:\/\/imagocertificationandtraining.com\/de\/stufe-4\/","name":"STUFE 4 - Imago International Training Institute","isPartOf":{"@id":"https:\/\/imagocertificationandtraining.com\/de\/#website"},"datePublished":"2025-01-07T00:36:33+00:00","dateModified":"2025-07-24T09:42:35+00:00","breadcrumb":{"@id":"https:\/\/imagocertificationandtraining.com\/de\/stufe-4\/#breadcrumb"},"inLanguage":"de","potentialAction":[{"@type":"ReadAction","target":["https:\/\/imagocertificationandtraining.com\/de\/stufe-4\/"]}]},{"@type":"BreadcrumbList","@id":"https:\/\/imagocertificationandtraining.com\/de\/stufe-4\/#breadcrumb","itemListElement":[{"@type":"ListItem","position":1,"name":"Home","item":"https:\/\/imagocertificationandtraining.com\/de\/"},{"@type":"ListItem","position":2,"name":"STUFE 4"}]},{"@type":"WebSite","@id":"https:\/\/imagocertificationandtraining.com\/de\/#website","url":"https:\/\/imagocertificationandtraining.com\/de\/","name":"Imago International Training Institute","description":"Delivering world class training on relational competency for individuals, couples, and organizations.","publisher":{"@id":"https:\/\/imagocertificationandtraining.com\/de\/#organization"},"potentialAction":[{"@type":"SearchAction","target":{"@type":"EntryPoint","urlTemplate":"https:\/\/imagocertificationandtraining.com\/de\/?s={search_term_string}"},"query-input":{"@type":"PropertyValueSpecification","valueRequired":true,"valueName":"search_term_string"}}],"inLanguage":"de"},{"@type":"Organization","@id":"https:\/\/imagocertificationandtraining.com\/de\/#organization","name":"Imago International Training Institute","url":"https:\/\/imagocertificationandtraining.com\/de\/","logo":{"@type":"ImageObject","inLanguage":"de","@id":"https:\/\/imagocertificationandtraining.com\/de\/#\/schema\/logo\/image\/","url":"https:\/\/imagocertificationandtraining.com\/app\/uploads\/2024\/12\/imago-international-training-institute-logo-2-e1733853510222.webp","contentUrl":"https:\/\/imagocertificationandtraining.com\/app\/uploads\/2024\/12\/imago-international-training-institute-logo-2-e1733853510222.webp","width":150,"height":35,"caption":"Imago International Training Institute"},"image":{"@id":"https:\/\/imagocertificationandtraining.com\/de\/#\/schema\/logo\/image\/"}}]}},"_links":{"self":[{"href":"https:\/\/imagocertificationandtraining.com\/de\/wp-json\/wp\/v2\/pages\/7085","targetHints":{"allow":["GET"]}}],"collection":[{"href":"https:\/\/imagocertificationandtraining.com\/de\/wp-json\/wp\/v2\/pages"}],"about":[{"href":"https:\/\/imagocertificationandtraining.com\/de\/wp-json\/wp\/v2\/types\/page"}],"author":[{"embeddable":true,"href":"https:\/\/imagocertificationandtraining.com\/de\/wp-json\/wp\/v2\/users\/1"}],"replies":[{"embeddable":true,"href":"https:\/\/imagocertificationandtraining.com\/de\/wp-json\/wp\/v2\/comments?post=7085"}],"version-history":[{"count":2,"href":"https:\/\/imagocertificationandtraining.com\/de\/wp-json\/wp\/v2\/pages\/7085\/revisions"}],"predecessor-version":[{"id":7089,"href":"https:\/\/imagocertificationandtraining.com\/de\/wp-json\/wp\/v2\/pages\/7085\/revisions\/7089"}],"wp:attachment":[{"href":"https:\/\/imagocertificationandtraining.com\/de\/wp-json\/wp\/v2\/media?parent=7085"}],"curies":[{"name":"wp","href":"https:\/\/api.w.org\/{rel}","templated":true}]}}