{"id":6571,"date":"2025-05-05T12:28:28","date_gmt":"2025-05-05T10:28:28","guid":{"rendered":"https:\/\/imagocertificationandtraining.com\/ressources\/"},"modified":"2025-05-05T12:28:28","modified_gmt":"2025-05-05T10:28:28","slug":"ressources","status":"publish","type":"page","link":"https:\/\/imagocertificationandtraining.com\/fr\/ressources\/","title":{"rendered":"Ressources"},"content":{"rendered":"\t\t<div data-elementor-type=\"wp-page\" data-elementor-id=\"6571\" class=\"elementor elementor-6571 elementor-5656\" data-elementor-post-type=\"page\">\n\t\t\t\t<div class=\"elementor-element elementor-element-dac0fd1 e-flex e-con-boxed e-con e-parent\" data-id=\"dac0fd1\" data-element_type=\"container\" data-e-type=\"container\" data-settings=\"{&quot;background_background&quot;:&quot;classic&quot;,&quot;jet_parallax_layout_list&quot;:[]}\">\n\t\t\t\t\t<div class=\"e-con-inner\">\n\t\t\t\t<div class=\"elementor-element elementor-element-a02201f elementor-widget elementor-widget-heading\" data-id=\"a02201f\" data-element_type=\"widget\" data-e-type=\"widget\" data-widget_type=\"heading.default\">\n\t\t\t\t<div class=\"elementor-widget-container\">\n\t\t\t\t\t<h2 class=\"elementor-heading-title elementor-size-default\">Resources<\/h2>\t\t\t\t<\/div>\n\t\t\t\t<\/div>\n\t\t\t\t\t<\/div>\n\t\t\t\t<\/div>\n\t\t<div class=\"elementor-element elementor-element-792c5d3 e-flex e-con-boxed e-con e-parent\" data-id=\"792c5d3\" data-element_type=\"container\" data-e-type=\"container\" data-settings=\"{&quot;jet_parallax_layout_list&quot;:[]}\">\n\t\t\t\t\t<div class=\"e-con-inner\">\n\t\t<div class=\"elementor-element elementor-element-d00d49e e-con-full e-flex e-con e-child\" data-id=\"d00d49e\" data-element_type=\"container\" data-e-type=\"container\" data-settings=\"{&quot;jet_parallax_layout_list&quot;:[]}\">\n\t\t\t\t<div class=\"elementor-element elementor-element-c0aa737 elementor-widget elementor-widget-video\" data-id=\"c0aa737\" data-element_type=\"widget\" data-e-type=\"widget\" data-settings=\"{&quot;youtube_url&quot;:&quot;https:\\\/\\\/www.youtube.com\\\/watch?v=FfbfHtoHqiE&amp;ab_channel=TalksatGoogle&quot;,&quot;video_type&quot;:&quot;youtube&quot;,&quot;controls&quot;:&quot;yes&quot;}\" data-widget_type=\"video.default\">\n\t\t\t\t<div class=\"elementor-widget-container\">\n\t\t\t\t\t\t\t<div class=\"elementor-wrapper elementor-open-inline\">\n\t\t\t<div class=\"elementor-video\"><\/div>\t\t<\/div>\n\t\t\t\t\t\t<\/div>\n\t\t\t\t<\/div>\n\t\t\t\t<div class=\"elementor-element elementor-element-bb53cc2 elementor-widget elementor-widget-heading\" data-id=\"bb53cc2\" data-element_type=\"widget\" data-e-type=\"widget\" data-widget_type=\"heading.default\">\n\t\t\t\t<div class=\"elementor-widget-container\">\n\t\t\t\t\t<h4 class=\"elementor-heading-title elementor-size-default\">Getting the Love You Want | Harville Hendrix &amp; Helen LaKelly Hunt <\/h4>\t\t\t\t<\/div>\n\t\t\t\t<\/div>\n\t\t\t\t<div class=\"elementor-element elementor-element-6f1bd20 elementor-widget elementor-widget-text-editor\" data-id=\"6f1bd20\" data-element_type=\"widget\" data-e-type=\"widget\" data-widget_type=\"text-editor.default\">\n\t\t\t\t<div class=\"elementor-widget-container\">\n\t\t\t\t\t\t\t\t\t<p>Harville Hendrix, Ph.D. and Helen LaKelly Hunt, Ph. D joined us at<br \/>Google New York to talk about the book, \u00ab\u00a0Getting the Love You Want\u00a0\u00bb and the Imago Relationship Theory that they co-created, which has the potential to transform all of our relationships, from personal to professional. Harville and Helen have written ten books on relationships including three New York Times Bestsellers.<\/p><p>Harville is a couple&rsquo;s therapist with more than 40 years&rsquo; experience as an educator, clinical trainer and lecturer whose work has appeared on Oprah 18 times. He holds a doctorate in Psychology and Theology from the University of Chicago and is a former professor at Southern Methodist University. Helen holds a doctorate from Union Theological Seminary (NY). In addition to the co-creation and spread of Imago relationship education around the world, Helen was inducted into the Women\u2019s Hall of Fame for her work on behalf of women and girls. Together, Harville and Helen envision shifting from the age of the individual to the age of relationship and making collaboration and cooperation primary values of culture.<\/p>\t\t\t\t\t\t\t\t<\/div>\n\t\t\t\t<\/div>\n\t\t\t\t<\/div>\n\t\t\t\t\t<\/div>\n\t\t\t\t<\/div>\n\t\t<div class=\"elementor-element elementor-element-1dc87e0 e-flex e-con-boxed e-con e-parent\" data-id=\"1dc87e0\" data-element_type=\"container\" data-e-type=\"container\" data-settings=\"{&quot;jet_parallax_layout_list&quot;:[]}\">\n\t\t\t\t\t<div class=\"e-con-inner\">\n\t\t<div class=\"elementor-element elementor-element-97e5b01 e-con-full e-flex e-con e-child\" data-id=\"97e5b01\" data-element_type=\"container\" data-e-type=\"container\" data-settings=\"{&quot;jet_parallax_layout_list&quot;:[]}\">\n\t\t\t\t<div class=\"elementor-element elementor-element-121b693 elementor-widget elementor-widget-video\" data-id=\"121b693\" data-element_type=\"widget\" data-e-type=\"widget\" data-settings=\"{&quot;youtube_url&quot;:&quot;https:\\\/\\\/www.youtube.com\\\/watch?v=M1ZooTmIq64&quot;,&quot;video_type&quot;:&quot;youtube&quot;,&quot;controls&quot;:&quot;yes&quot;}\" data-widget_type=\"video.default\">\n\t\t\t\t<div class=\"elementor-widget-container\">\n\t\t\t\t\t\t\t<div class=\"elementor-wrapper elementor-open-inline\">\n\t\t\t<div class=\"elementor-video\"><\/div>\t\t<\/div>\n\t\t\t\t\t\t<\/div>\n\t\t\t\t<\/div>\n\t\t\t\t<div class=\"elementor-element elementor-element-69d049d elementor-widget elementor-widget-heading\" data-id=\"69d049d\" data-element_type=\"widget\" data-e-type=\"widget\" data-widget_type=\"heading.default\">\n\t\t\t\t<div class=\"elementor-widget-container\">\n\t\t\t\t\t<h4 class=\"elementor-heading-title elementor-size-default\">This Conversation Could Save Your Relationship | Harville &amp; Helen\n<\/h4>\t\t\t\t<\/div>\n\t\t\t\t<\/div>\n\t\t\t\t<div class=\"elementor-element elementor-element-9ca261c elementor-widget elementor-widget-text-editor\" data-id=\"9ca261c\" data-element_type=\"widget\" data-e-type=\"widget\" data-widget_type=\"text-editor.default\">\n\t\t\t\t<div class=\"elementor-widget-container\">\n\t\t\t\t\t\t\t\t\t<p><span class=\"yt-core-attributed-string--link-inherit-color\" dir=\"auto\">What if all your relationship problems could be solved with a single conversation? In today\u2019s <\/span><span class=\"yt-core-attributed-string--link-inherit-color\" dir=\"auto\"><a class=\"yt-core-attributed-string__link yt-core-attributed-string__link--call-to-action-color\" tabindex=\"0\" href=\"https:\/\/www.youtube.com\/hashtag\/marietv\" target=\"\">#MarieTV<\/a><\/span><span class=\"yt-core-attributed-string--link-inherit-color\" dir=\"auto\">, Doctors Harville Hendrix and Helen LaKelly Hunt dive into the simple conversation tips that brought their marriage back from the brink of divorce. These techniques have helped millions of couples save their relationship \u2013 including mine! Watch now to discover the science-backed secrets to handling tough conversations with confidence, the unexpected trick to unlock your partner\u2019s true feelings, and the easiest way to create a loving relationship that lasts. With insights that have sold over 4 million books and secured an appearance on Oprah 17 times \u2013 these easy tips can not only save your relationship \u2013 but also your life.<\/span><\/p>\t\t\t\t\t\t\t\t<\/div>\n\t\t\t\t<\/div>\n\t\t\t\t<\/div>\n\t\t\t\t\t<\/div>\n\t\t\t\t<\/div>\n\t\t<div class=\"elementor-element elementor-element-d153d24 e-flex e-con-boxed e-con e-parent\" data-id=\"d153d24\" data-element_type=\"container\" data-e-type=\"container\" data-settings=\"{&quot;background_background&quot;:&quot;classic&quot;,&quot;jet_parallax_layout_list&quot;:[]}\">\n\t\t\t\t\t<div class=\"e-con-inner\">\n\t\t<div class=\"elementor-element elementor-element-74e9e44 e-con-full e-flex e-con e-child\" data-id=\"74e9e44\" data-element_type=\"container\" data-e-type=\"container\" data-settings=\"{&quot;jet_parallax_layout_list&quot;:[]}\">\n\t\t\t\t<div class=\"elementor-element elementor-element-0850116 elementor-widget elementor-widget-heading\" data-id=\"0850116\" data-element_type=\"widget\" data-e-type=\"widget\" data-widget_type=\"heading.default\">\n\t\t\t\t<div class=\"elementor-widget-container\">\n\t\t\t\t\t<h4 class=\"elementor-heading-title elementor-size-default\">The Relationship Blueprint Podcast\n<\/h4>\t\t\t\t<\/div>\n\t\t\t\t<\/div>\n\t\t\t\t<div class=\"elementor-element elementor-element-92e819e elementor-widget elementor-widget-text-editor\" data-id=\"92e819e\" data-element_type=\"widget\" data-e-type=\"widget\" data-widget_type=\"text-editor.default\">\n\t\t\t\t<div class=\"elementor-widget-container\">\n\t\t\t\t\t\t\t\t\tColleen is a student of Dr. Harville Hendrix and Dr. Helen LaKelly Hunt who created the Imago Theory and have brought this work to over 50 countries around the world. She is profoundly influenced by this belief shared by Dr. Harville Hendrix. He said, \u00ab\u00a0We are born in relationship, wounded in relationship and healed in relationship.\t\t\t\t\t\t\t\t<\/div>\n\t\t\t\t<\/div>\n\t\t\t\t<\/div>\n\t\t<div class=\"elementor-element elementor-element-f6da33f e-con-full e-flex e-con e-child\" data-id=\"f6da33f\" data-element_type=\"container\" data-e-type=\"container\" data-settings=\"{&quot;jet_parallax_layout_list&quot;:[]}\">\n\t\t\t\t<div class=\"elementor-element elementor-element-67918b9 elementor-widget elementor-widget-html\" data-id=\"67918b9\" data-element_type=\"widget\" data-e-type=\"widget\" data-widget_type=\"html.default\">\n\t\t\t\t<div class=\"elementor-widget-container\">\n\t\t\t\t\t<iframe style=\"border-radius:12px\" src=\"https:\/\/open.spotify.com\/embed\/show\/3bBvytshBxXQaQPa4QKNmm?utm_source=generator\" width=\"100%\" height=\"352\" frameBorder=\"0\" allowfullscreen=\"\" allow=\"autoplay; clipboard-write; encrypted-media; fullscreen; picture-in-picture\" loading=\"lazy\"><\/iframe>\t\t\t\t<\/div>\n\t\t\t\t<\/div>\n\t\t\t\t<\/div>\n\t\t\t\t\t<\/div>\n\t\t\t\t<\/div>\n\t\t<div class=\"elementor-element elementor-element-19b77b0 e-flex e-con-boxed e-con e-parent\" data-id=\"19b77b0\" data-element_type=\"container\" data-e-type=\"container\" data-settings=\"{&quot;jet_parallax_layout_list&quot;:[]}\">\n\t\t\t\t\t<div class=\"e-con-inner\">\n\t\t<div class=\"elementor-element elementor-element-611c552 e-con-full e-flex e-con e-child\" data-id=\"611c552\" data-element_type=\"container\" data-e-type=\"container\" data-settings=\"{&quot;jet_parallax_layout_list&quot;:[]}\">\n\t\t\t\t<div class=\"elementor-element elementor-element-26001b3 elementor-widget elementor-widget-heading\" data-id=\"26001b3\" data-element_type=\"widget\" data-e-type=\"widget\" data-widget_type=\"heading.default\">\n\t\t\t\t<div class=\"elementor-widget-container\">\n\t\t\t\t\t<h2 class=\"elementor-heading-title elementor-size-default\">Join our Facebook community\n<\/h2>\t\t\t\t<\/div>\n\t\t\t\t<\/div>\n\t\t\t\t<div class=\"elementor-element elementor-element-f0a7a92 elementor-widget elementor-widget-text-editor\" data-id=\"f0a7a92\" data-element_type=\"widget\" data-e-type=\"widget\" data-widget_type=\"text-editor.default\">\n\t\t\t\t<div class=\"elementor-widget-container\">\n\t\t\t\t\t\t\t\t\tA community for those interested in Imago and all of its applications in therapy, the classroom, and organizations. \t\t\t\t\t\t\t\t<\/div>\n\t\t\t\t<\/div>\n\t\t\t\t<div class=\"elementor-element elementor-element-b15f878 elementor-align-center elementor-widget elementor-widget-button\" data-id=\"b15f878\" data-element_type=\"widget\" data-e-type=\"widget\" data-widget_type=\"button.default\">\n\t\t\t\t<div class=\"elementor-widget-container\">\n\t\t\t\t\t\t\t\t\t<div class=\"elementor-button-wrapper\">\n\t\t\t\t\t<a class=\"elementor-button elementor-button-link elementor-size-sm\" href=\"https:\/\/www.facebook.com\/share\/g\/snWDEPWGKewudVfg\/\">\n\t\t\t\t\t\t<span class=\"elementor-button-content-wrapper\">\n\t\t\t\t\t\t<span class=\"elementor-button-icon\">\n\t\t\t\t<svg aria-hidden=\"true\" class=\"e-font-icon-svg e-fab-facebook\" viewBox=\"0 0 512 512\" xmlns=\"http:\/\/www.w3.org\/2000\/svg\"><path d=\"M504 256C504 119 393 8 256 8S8 119 8 256c0 123.78 90.69 226.38 209.25 245V327.69h-63V256h63v-54.64c0-62.15 37-96.48 93.67-96.48 27.14 0 55.52 4.84 55.52 4.84v61h-31.28c-30.8 0-40.41 19.12-40.41 38.73V256h68.78l-11 71.69h-57.78V501C413.31 482.38 504 379.78 504 256z\"><\/path><\/svg>\t\t\t<\/span>\n\t\t\t\t\t\t\t\t\t<span class=\"elementor-button-text\">follow us<\/span>\n\t\t\t\t\t<\/span>\n\t\t\t\t\t<\/a>\n\t\t\t\t<\/div>\n\t\t\t\t\t\t\t\t<\/div>\n\t\t\t\t<\/div>\n\t\t\t\t<\/div>\n\t\t\t\t\t<\/div>\n\t\t\t\t<\/div>\n\t\t\t\t<\/div>\n\t\t","protected":false},"excerpt":{"rendered":"<p>Ressources Obtenir l&rsquo;amour que vous voulez | Harville Hendrix &amp; Helen LaKelly Hunt Harville Hendrix, Ph.D. et Helen LaKelly Hunt, Ph. D nous ont rejoints surGoogle New York pour nous parler de leur livre \u00ab\u00a0Getting the Love You Want\u00a0\u00bb et de la th\u00e9orie des relations Imago qu&rsquo;ils ont co-cr\u00e9\u00e9e et qui a le potentiel de [&hellip;]<\/p>\n","protected":false},"author":66,"featured_media":0,"parent":0,"menu_order":0,"comment_status":"closed","ping_status":"closed","template":"elementor_header_footer","meta":{"footnotes":""},"class_list":["post-6571","page","type-page","status-publish","hentry"],"yoast_head":"<!-- This site is optimized with the Yoast SEO plugin v26.9 - https:\/\/yoast.com\/product\/yoast-seo-wordpress\/ -->\n<title>Ressources - Imago International Training Institute<\/title>\n<meta name=\"robots\" content=\"index, follow, max-snippet:-1, max-image-preview:large, max-video-preview:-1\" \/>\n<link rel=\"canonical\" href=\"https:\/\/imagocertificationandtraining.com\/fr\/ressources\/\" \/>\n<meta property=\"og:locale\" content=\"fr_FR\" \/>\n<meta property=\"og:type\" content=\"article\" \/>\n<meta property=\"og:title\" content=\"Ressources - Imago International Training Institute\" \/>\n<meta property=\"og:description\" content=\"Ressources Obtenir l&rsquo;amour que vous voulez | Harville Hendrix &amp; Helen LaKelly Hunt Harville Hendrix, Ph.D. et Helen LaKelly Hunt, Ph. D nous ont rejoints surGoogle New York pour nous parler de leur livre \u00ab\u00a0Getting the Love You Want\u00a0\u00bb et de la th\u00e9orie des relations Imago qu&rsquo;ils ont co-cr\u00e9\u00e9e et qui a le potentiel de [&hellip;]\" \/>\n<meta property=\"og:url\" content=\"https:\/\/imagocertificationandtraining.com\/fr\/ressources\/\" \/>\n<meta property=\"og:site_name\" content=\"Imago International Training Institute\" \/>\n<meta name=\"twitter:card\" content=\"summary_large_image\" \/>\n<meta name=\"twitter:label1\" content=\"Dur\u00e9e de lecture estim\u00e9e\" \/>\n\t<meta name=\"twitter:data1\" content=\"2 minutes\" \/>\n<script type=\"application\/ld+json\" class=\"yoast-schema-graph\">{\"@context\":\"https:\/\/schema.org\",\"@graph\":[{\"@type\":\"WebPage\",\"@id\":\"https:\/\/imagocertificationandtraining.com\/fr\/ressources\/\",\"url\":\"https:\/\/imagocertificationandtraining.com\/fr\/ressources\/\",\"name\":\"Ressources - Imago International Training Institute\",\"isPartOf\":{\"@id\":\"https:\/\/imagocertificationandtraining.com\/fr\/#website\"},\"datePublished\":\"2025-05-05T10:28:28+00:00\",\"breadcrumb\":{\"@id\":\"https:\/\/imagocertificationandtraining.com\/fr\/ressources\/#breadcrumb\"},\"inLanguage\":\"fr-FR\",\"potentialAction\":[{\"@type\":\"ReadAction\",\"target\":[\"https:\/\/imagocertificationandtraining.com\/fr\/ressources\/\"]}]},{\"@type\":\"BreadcrumbList\",\"@id\":\"https:\/\/imagocertificationandtraining.com\/fr\/ressources\/#breadcrumb\",\"itemListElement\":[{\"@type\":\"ListItem\",\"position\":1,\"name\":\"Home\",\"item\":\"https:\/\/imagocertificationandtraining.com\/fr\/\"},{\"@type\":\"ListItem\",\"position\":2,\"name\":\"Ressources\"}]},{\"@type\":\"WebSite\",\"@id\":\"https:\/\/imagocertificationandtraining.com\/fr\/#website\",\"url\":\"https:\/\/imagocertificationandtraining.com\/fr\/\",\"name\":\"Imago International Training Institute\",\"description\":\"Delivering world class training on relational competency for individuals, couples, and organizations.\",\"publisher\":{\"@id\":\"https:\/\/imagocertificationandtraining.com\/fr\/#organization\"},\"potentialAction\":[{\"@type\":\"SearchAction\",\"target\":{\"@type\":\"EntryPoint\",\"urlTemplate\":\"https:\/\/imagocertificationandtraining.com\/fr\/?s={search_term_string}\"},\"query-input\":{\"@type\":\"PropertyValueSpecification\",\"valueRequired\":true,\"valueName\":\"search_term_string\"}}],\"inLanguage\":\"fr-FR\"},{\"@type\":\"Organization\",\"@id\":\"https:\/\/imagocertificationandtraining.com\/fr\/#organization\",\"name\":\"Imago International Training Institute\",\"url\":\"https:\/\/imagocertificationandtraining.com\/fr\/\",\"logo\":{\"@type\":\"ImageObject\",\"inLanguage\":\"fr-FR\",\"@id\":\"https:\/\/imagocertificationandtraining.com\/fr\/#\/schema\/logo\/image\/\",\"url\":\"https:\/\/imagocertificationandtraining.com\/app\/uploads\/2024\/12\/imago-international-training-institute-logo-2-e1733853510222.webp\",\"contentUrl\":\"https:\/\/imagocertificationandtraining.com\/app\/uploads\/2024\/12\/imago-international-training-institute-logo-2-e1733853510222.webp\",\"width\":150,\"height\":35,\"caption\":\"Imago International Training Institute\"},\"image\":{\"@id\":\"https:\/\/imagocertificationandtraining.com\/fr\/#\/schema\/logo\/image\/\"}}]}<\/script>\n<!-- \/ Yoast SEO plugin. -->","yoast_head_json":{"title":"Ressources - Imago International Training Institute","robots":{"index":"index","follow":"follow","max-snippet":"max-snippet:-1","max-image-preview":"max-image-preview:large","max-video-preview":"max-video-preview:-1"},"canonical":"https:\/\/imagocertificationandtraining.com\/fr\/ressources\/","og_locale":"fr_FR","og_type":"article","og_title":"Ressources - Imago International Training Institute","og_description":"Ressources Obtenir l&rsquo;amour que vous voulez | Harville Hendrix &amp; Helen LaKelly Hunt Harville Hendrix, Ph.D. et Helen LaKelly Hunt, Ph. D nous ont rejoints surGoogle New York pour nous parler de leur livre \u00ab\u00a0Getting the Love You Want\u00a0\u00bb et de la th\u00e9orie des relations Imago qu&rsquo;ils ont co-cr\u00e9\u00e9e et qui a le potentiel de [&hellip;]","og_url":"https:\/\/imagocertificationandtraining.com\/fr\/ressources\/","og_site_name":"Imago International Training Institute","twitter_card":"summary_large_image","twitter_misc":{"Dur\u00e9e de lecture estim\u00e9e":"2 minutes"},"schema":{"@context":"https:\/\/schema.org","@graph":[{"@type":"WebPage","@id":"https:\/\/imagocertificationandtraining.com\/fr\/ressources\/","url":"https:\/\/imagocertificationandtraining.com\/fr\/ressources\/","name":"Ressources - Imago International Training Institute","isPartOf":{"@id":"https:\/\/imagocertificationandtraining.com\/fr\/#website"},"datePublished":"2025-05-05T10:28:28+00:00","breadcrumb":{"@id":"https:\/\/imagocertificationandtraining.com\/fr\/ressources\/#breadcrumb"},"inLanguage":"fr-FR","potentialAction":[{"@type":"ReadAction","target":["https:\/\/imagocertificationandtraining.com\/fr\/ressources\/"]}]},{"@type":"BreadcrumbList","@id":"https:\/\/imagocertificationandtraining.com\/fr\/ressources\/#breadcrumb","itemListElement":[{"@type":"ListItem","position":1,"name":"Home","item":"https:\/\/imagocertificationandtraining.com\/fr\/"},{"@type":"ListItem","position":2,"name":"Ressources"}]},{"@type":"WebSite","@id":"https:\/\/imagocertificationandtraining.com\/fr\/#website","url":"https:\/\/imagocertificationandtraining.com\/fr\/","name":"Imago International Training Institute","description":"Delivering world class training on relational competency for individuals, couples, and organizations.","publisher":{"@id":"https:\/\/imagocertificationandtraining.com\/fr\/#organization"},"potentialAction":[{"@type":"SearchAction","target":{"@type":"EntryPoint","urlTemplate":"https:\/\/imagocertificationandtraining.com\/fr\/?s={search_term_string}"},"query-input":{"@type":"PropertyValueSpecification","valueRequired":true,"valueName":"search_term_string"}}],"inLanguage":"fr-FR"},{"@type":"Organization","@id":"https:\/\/imagocertificationandtraining.com\/fr\/#organization","name":"Imago International Training Institute","url":"https:\/\/imagocertificationandtraining.com\/fr\/","logo":{"@type":"ImageObject","inLanguage":"fr-FR","@id":"https:\/\/imagocertificationandtraining.com\/fr\/#\/schema\/logo\/image\/","url":"https:\/\/imagocertificationandtraining.com\/app\/uploads\/2024\/12\/imago-international-training-institute-logo-2-e1733853510222.webp","contentUrl":"https:\/\/imagocertificationandtraining.com\/app\/uploads\/2024\/12\/imago-international-training-institute-logo-2-e1733853510222.webp","width":150,"height":35,"caption":"Imago International Training Institute"},"image":{"@id":"https:\/\/imagocertificationandtraining.com\/fr\/#\/schema\/logo\/image\/"}}]}},"_links":{"self":[{"href":"https:\/\/imagocertificationandtraining.com\/fr\/wp-json\/wp\/v2\/pages\/6571","targetHints":{"allow":["GET"]}}],"collection":[{"href":"https:\/\/imagocertificationandtraining.com\/fr\/wp-json\/wp\/v2\/pages"}],"about":[{"href":"https:\/\/imagocertificationandtraining.com\/fr\/wp-json\/wp\/v2\/types\/page"}],"author":[{"embeddable":true,"href":"https:\/\/imagocertificationandtraining.com\/fr\/wp-json\/wp\/v2\/users\/66"}],"replies":[{"embeddable":true,"href":"https:\/\/imagocertificationandtraining.com\/fr\/wp-json\/wp\/v2\/comments?post=6571"}],"version-history":[{"count":0,"href":"https:\/\/imagocertificationandtraining.com\/fr\/wp-json\/wp\/v2\/pages\/6571\/revisions"}],"wp:attachment":[{"href":"https:\/\/imagocertificationandtraining.com\/fr\/wp-json\/wp\/v2\/media?parent=6571"}],"curies":[{"name":"wp","href":"https:\/\/api.w.org\/{rel}","templated":true}]}}